{"id":1794,"date":"2017-11-13T14:47:55","date_gmt":"2017-11-13T14:47:55","guid":{"rendered":"http:\/\/diviecommerce.aspengrovestudios.space\/?page_id=1794"},"modified":"2026-01-18T09:06:50","modified_gmt":"2026-01-18T09:06:50","slug":"contact","status":"publish","type":"page","link":"https:\/\/palmettadesign.hu\/en\/contact\/","title":{"rendered":"Contact"},"content":{"rendered":"<p>[et_pb_section fb_built=&#8221;1&#8243; specialty=&#8221;on&#8221; _builder_version=&#8221;4.16&#8243; _module_preset=&#8221;default&#8221; inner_width=&#8221;90%&#8221; custom_margin=&#8221;100px||||false|false&#8221; custom_padding=&#8221;42px|||||&#8221; global_colors_info=&#8221;{}&#8221;][et_pb_column type=&#8221;1_2&#8243; _builder_version=&#8221;4.16&#8243; custom_padding=&#8221;|||&#8221; global_colors_info=&#8221;{}&#8221; custom_padding__hover=&#8221;|||&#8221;][et_pb_text _builder_version=&#8221;4.16&#8243; _module_preset=&#8221;default&#8221; text_font=&#8221;||||||||&#8221; text_text_color=&#8221;#000000&#8243; text_font_size=&#8221;59.3px&#8221; text_line_height=&#8221;1em&#8221; text_font_size_tablet=&#8221;&#8221; text_font_size_phone=&#8221;35px&#8221; text_font_size_last_edited=&#8221;on|phone&#8221; global_colors_info=&#8221;{}&#8221;]<\/p>\n<p>Palmetta Design Budapest<br \/>+ Atelier Palmetta Concept Room<\/p>\n<p>[\/et_pb_text][et_pb_text _builder_version=&#8221;4.25.2&#8243; _module_preset=&#8221;default&#8221; hover_enabled=&#8221;0&#8243; border_width_top=&#8221;40px&#8221; border_color_top=&#8221;rgba(0,0,0,0)&#8221; border_width_bottom=&#8221;10px&#8221; border_color_bottom=&#8221;rgba(0,0,0,0)&#8221; global_colors_info=&#8221;{}&#8221; sticky_enabled=&#8221;0&#8243;]<\/p>\n<p>Address: Bart\u00f3k B\u00e9la \u00fat 30., 1111 Budapest, Hungary<\/p>\n<p>Mobile: +36 70 610 7330<br \/>Email: <a href=\"mailto:palmettabudapest@gmail.com\">palmettabudapest@gmail.com<\/a><br \/>Facebook: @palmettadesignbudapest<\/p>\n<p><strong>WE ARE OPEN:<br \/><\/strong><strong>M \u2013 F:<\/strong> 11 am \u2013 7 pm<\/p>\n<p>[\/et_pb_text][et_pb_code _builder_version=&#8221;4.16&#8243; _module_preset=&#8221;default&#8221; global_colors_info=&#8221;{}&#8221;]<iframe loading=\"lazy\" src=\"https:\/\/www.google.com\/maps\/embed?pb=!1m18!1m12!1m3!1d2696.5143289286566!2d19.049757315503495!3d47.479892979176455!2m3!1f0!2f0!3f0!3m2!1i1024!2i768!4f13.1!3m3!1m2!1s0x4741dc4d42a8fa37%3A0x91dd37e69aee52cf!2sPalmetta%20Design%20%C3%A9s%20Textilm%C5%B1v%C3%A9szeti%20Gal%C3%A9ria!5e0!3m2!1shu!2shu!4v1607187824981!5m2!1shu!2shu\" width=\"600\" height=\"450\" frameborder=\"0\" style=\"border:0;\" allowfullscreen=\"\" aria-hidden=\"false\" tabindex=\"0\"><\/iframe><!-- [et_pb_line_break_holder] --><!-- [et_pb_line_break_holder] -->[\/et_pb_code][et_pb_image src=&#8221;https:\/\/palmettadesign.hu\/wp-content\/uploads\/2022\/05\/DSC0051_web.jpg&#8221; title_text=&#8221;Palmetta Design Budapest, interior&#8221; _builder_version=&#8221;4.25.2&#8243; _module_preset=&#8221;default&#8221; border_color_top=&#8221;RGBA(255,255,255,0)&#8221; global_colors_info=&#8221;{}&#8221;][\/et_pb_image][\/et_pb_column][et_pb_column type=&#8221;1_2&#8243; specialty_columns=&#8221;2&#8243; _builder_version=&#8221;4.16&#8243; custom_padding=&#8221;|||&#8221; global_colors_info=&#8221;{}&#8221; custom_padding__hover=&#8221;|||&#8221;][et_pb_row_inner _builder_version=&#8221;4.23.1&#8243; _module_preset=&#8221;default&#8221; global_colors_info=&#8221;{}&#8221;][et_pb_column_inner saved_specialty_column_type=&#8221;1_2&#8243; _builder_version=&#8221;4.16&#8243; _module_preset=&#8221;default&#8221; global_colors_info=&#8221;{}&#8221;][et_pb_text _builder_version=&#8221;4.16&#8243; _module_preset=&#8221;default&#8221; text_font=&#8221;||||||||&#8221; text_text_color=&#8221;#000000&#8243; text_font_size=&#8221;59.3px&#8221; text_line_height=&#8221;1em&#8221; text_font_size_tablet=&#8221;&#8221; text_font_size_phone=&#8221;35px&#8221; text_font_size_last_edited=&#8221;on|phone&#8221; global_colors_info=&#8221;{}&#8221;]<\/p>\n<p>Palmetta Design Szentendre<\/p>\n<p>[\/et_pb_text][et_pb_text _builder_version=&#8221;4.25.2&#8243; _module_preset=&#8221;default&#8221; border_width_top=&#8221;50px&#8221; border_color_top=&#8221;rgba(0,0,0,0)&#8221; border_width_bottom=&#8221;20px&#8221; border_color_bottom=&#8221;rgba(0,0,0,0)&#8221; global_colors_info=&#8221;{}&#8221;]<\/p>\n<p>Address: Bogd\u00e1nyi utca 14., 2000, Szentendre, Hungary<\/p>\n<p>Mobile: +36 30 296 6254<br \/>Email: <a href=\"mailto:palmettadesign@t-online.hu\">palmettadesign@t-online.hu<\/a><br \/>Facebook: @palmettadesignszentendre<\/p>\n<p><strong>CLOSED FOR RENOVATION<\/strong><br \/>Expected opening: 2026<\/p>\n<p>[\/et_pb_text][et_pb_code _builder_version=&#8221;4.16&#8243; _module_preset=&#8221;default&#8221; custom_css_main_element=&#8221;%91||    {||        %22featureType%22: %22all%22,||        %22elementType%22: %22labels.text.fill%22,||        %22stylers%22: %91||            {||                %22saturation%22: 36||            },||            {||                %22color%22: %22#333333%22||            },||            {||                %22lightness%22: 40||            }||        %93||    },||    {||        %22featureType%22: %22all%22,||        %22elementType%22: %22labels.text.stroke%22,||        %22stylers%22: %91||            {||                %22visibility%22: %22on%22||            },||            {||                %22color%22: %22#ffffff%22||            },||            {||                %22lightness%22: 16||            }||        %93||    },||    {||        %22featureType%22: %22all%22,||        %22elementType%22: %22labels.icon%22,||        %22stylers%22: %91||            {||                %22visibility%22: %22off%22||            }||        %93||    },||    {||        %22featureType%22: %22administrative%22,||        %22elementType%22: %22geometry.fill%22,||        %22stylers%22: %91||            {||                %22color%22: %22#fefefe%22||            },||            {||                %22lightness%22: 20||            }||        %93||    },||    {||        %22featureType%22: %22administrative%22,||        %22elementType%22: %22geometry.stroke%22,||        %22stylers%22: %91||            {||                %22color%22: %22#fefefe%22||            },||            {||                %22lightness%22: 17||            },||            {||                %22weight%22: 1.2||            }||        %93||    },||    {||        %22featureType%22: %22administrative.locality%22,||        %22elementType%22: %22labels.icon%22,||        %22stylers%22: %91||            {||                %22color%22: %22#bd081c%22||            }||        %93||    },||    {||        %22featureType%22: %22landscape%22,||        %22elementType%22: %22geometry%22,||        %22stylers%22: %91||            {||                %22color%22: %22#f5f5f5%22||            },||            {||                %22lightness%22: 20||            }||        %93||    },||    {||        %22featureType%22: %22poi%22,||        %22elementType%22: %22geometry%22,||        %22stylers%22: %91||            {||                %22color%22: %22#f5f5f5%22||            },||            {||                %22lightness%22: 21||            }||        %93||    },||    {||        %22featureType%22: %22poi.park%22,||        %22elementType%22: %22geometry%22,||        %22stylers%22: %91||            {||                %22color%22: %22#dedede%22||            },||            {||                %22lightness%22: 21||            }||        %93||    },||    {||        %22featureType%22: %22road.highway%22,||        %22elementType%22: %22geometry.fill%22,||        %22stylers%22: %91||            {||                %22color%22: %22#ffffff%22||            },||            {||                %22lightness%22: 17||            }||        %93||    },||    {||        %22featureType%22: %22road.highway%22,||        %22elementType%22: %22geometry.stroke%22,||        %22stylers%22: %91||            {||                %22color%22: %22#ffffff%22||            },||            {||                %22lightness%22: 29||            },||            {||                %22weight%22: 0.2||            }||        %93||    },||    {||        %22featureType%22: %22road.arterial%22,||        %22elementType%22: %22geometry%22,||        %22stylers%22: %91||            {||                %22color%22: %22#ffffff%22||            },||            {||                %22lightness%22: 18||            }||        %93||    },||    {||        %22featureType%22: %22road.local%22,||        %22elementType%22: %22geometry%22,||        %22stylers%22: %91||            {||                %22color%22: %22#ffffff%22||            },||            {||                %22lightness%22: 16||            }||        %93||    },||    {||        %22featureType%22: %22transit%22,||        %22elementType%22: %22geometry%22,||        %22stylers%22: %91||            {||                %22color%22: %22#f2f2f2%22||            },||            {||                %22lightness%22: 19||            }||        %93||    },||    {||        %22featureType%22: %22water%22,||        %22elementType%22: %22geometry%22,||        %22stylers%22: %91||            {||                %22color%22: %22#e9e9e9%22||            },||            {||                %22lightness%22: 17||            }||        %93||    }||%93&#8243; global_colors_info=&#8221;{}&#8221;]<iframe loading=\"lazy\" src=\"https:\/\/www.google.com\/maps\/embed?pb=!1m14!1m8!1m3!1d10747.184389472968!2d19.0771853!3d47.6689574!3m2!1i1024!2i768!4f13.1!3m3!1m2!1s0x0%3A0xa4beb5997efa9a64!2sPalmetta%20Design%20Gal%C3%A9ria!5e0!3m2!1shu!2shu!4v1608061978665!5m2!1shu!2shu\" width=\"600\" height=\"450\" frameborder=\"0\" style=\"border:0;\" allowfullscreen=\"\" aria-hidden=\"false\" tabindex=\"0\"><\/iframe><!-- [et_pb_line_break_holder] --><!-- [et_pb_line_break_holder] -->[\/et_pb_code][\/et_pb_column_inner][\/et_pb_row_inner][\/et_pb_column][\/et_pb_section]<\/p>\n","protected":false},"excerpt":{"rendered":"<p>Palmetta Design Budapest+ Atelier Palmetta Concept RoomAddress: Bart\u00f3k B\u00e9la \u00fat 30., 1111 Budapest, Hungary Mobile: +36 70 610 7330Email: palmettabudapest@gmail.comFacebook: @palmettadesignbudapest WE ARE OPEN:M \u2013 F: 11 am \u2013 7 pmPalmetta Design SzentendreAddress: Bogd\u00e1nyi utca 14., 2000, Szentendre, Hungary Mobile: +36 30 296 6254Email: palmettadesign@t-online.huFacebook: @palmettadesignszentendre CLOSED FOR RENOVATIONExpected opening: 2026<\/p>\n","protected":false},"author":1,"featured_media":0,"parent":0,"menu_order":0,"comment_status":"closed","ping_status":"closed","template":"","meta":{"_et_pb_use_builder":"on","_et_pb_old_content":"","_et_gb_content_width":"","footnotes":""},"class_list":["post-1794","page","type-page","status-publish","hentry"],"_links":{"self":[{"href":"https:\/\/palmettadesign.hu\/en\/wp-json\/wp\/v2\/pages\/1794","targetHints":{"allow":["GET"]}}],"collection":[{"href":"https:\/\/palmettadesign.hu\/en\/wp-json\/wp\/v2\/pages"}],"about":[{"href":"https:\/\/palmettadesign.hu\/en\/wp-json\/wp\/v2\/types\/page"}],"author":[{"embeddable":true,"href":"https:\/\/palmettadesign.hu\/en\/wp-json\/wp\/v2\/users\/1"}],"replies":[{"embeddable":true,"href":"https:\/\/palmettadesign.hu\/en\/wp-json\/wp\/v2\/comments?post=1794"}],"version-history":[{"count":0,"href":"https:\/\/palmettadesign.hu\/en\/wp-json\/wp\/v2\/pages\/1794\/revisions"}],"wp:attachment":[{"href":"https:\/\/palmettadesign.hu\/en\/wp-json\/wp\/v2\/media?parent=1794"}],"curies":[{"name":"wp","href":"https:\/\/api.w.org\/{rel}","templated":true}]}}