{"id":41141,"date":"2021-11-18T15:42:00","date_gmt":"2021-11-21T09:00:10","guid":{"rendered":"https:\/\/palmettadesign.hu\/product\/es19-pepper-salt-and-spice-mill-yellow\/"},"modified":"2021-11-21T09:00:10","modified_gmt":"2021-11-21T09:00:10","slug":"es19-pepper-salt-and-spice-mill-yellow","status":"publish","type":"product","link":"https:\/\/palmettadesign.hu\/en\/product\/es19-pepper-salt-and-spice-mill-yellow\/","title":{"rendered":"ES19 Pepper, salt and spice mill, yellow"},"content":{"rendered":"<p>Designer: Ettore Sottsass<\/p>\n<p>&nbsp;<\/p>\n<p>Designed by Ettore Sottsass, this colourful salt, pepper and spice grinder is an indispensable tool for table and kitchen purpose. It is produced with particular attention to sustainability: made in FSC-certified wood guaranteeing an eco-sustainable origin and coloured with water-based and totally solvent-free paints that are sustainable for the environment and not harmful to human health.  <\/p>\n<p><span style=\"font-weight: 400;\">Material: beech-wood<br \/>\n<\/span>Dimensions: 15 x 7 cm<\/p>\n<p>&nbsp;<\/p>\n<p><a href=\"https:\/\/palmettadesign.hu\/project\/alessi\/\"><img loading=\"lazy\" decoding=\"async\" class=\"alignnone wp-image-40370\" src=\"https:\/\/palmettadesign.hu\/wp-content\/uploads\/2021\/01\/alessi_c2-300x300.png\" alt=\"\" width=\"80\" height=\"80\"><\/a><\/p>\n","protected":false},"excerpt":{"rendered":"<p>Designer: Ettore Sottsass &nbsp; Designed by Ettore Sottsass, this colourful salt, pepper and spice grinder is an indispensable tool for table and kitchen purpose. It is produced with particular attention to sustainability: made in FSC-certified wood guaranteeing an eco-sustainable origin and coloured with water-based and totally solvent-free paints that are sustainable for the environment and [&hellip;]<\/p>\n","protected":false},"featured_media":40550,"comment_status":"open","ping_status":"closed","template":"","meta":{"_et_pb_use_builder":"off","_et_pb_old_content":"Tervez\u0151: Michael Graves\n\n<span style=\"font-weight: 400\">Az ikonikus \u201c9093\u201d v\u00edzforral\u00f3, madarat form\u00e1z\u00f3 s\u00edpj\u00e1val az egyik legkeresettebb Alessi-t\u00e1rgy a vil\u00e1gon. Form\u00e1j\u00e1ban, amelyet Michael Graves 1985-ben tervezett, az eur\u00f3pai m\u0171v\u00e9szet, az amerikai pop \u00e9s a kolumbusz el\u0151tti kult\u00far\u00e1k hat\u00e1sai keverednek. Graves egyedi vizu\u00e1lis nyelv\u00e9nek k\u00f6sz\u00f6nhet\u0151, hogy a v\u00edzforral\u00f3 megjelen\u00e9se \u00f3ta t\u00f6retlen\u00fcl n\u00e9pszer\u0171. Egy igaz\u00e1n haszn\u00e1lhat\u00f3, de egy\u00fattal eleg\u00e1ns \u00e9s j\u00e1t\u00e9kos t\u00e1rgy: amikor a v\u00edz forrni kezd, a mad\u00e1r \u00e9nekel, ami elker\u00fclhetetlen mosolyhoz vezet. Sz\u00e1mos m\u00fazeum \u2013 t\u00f6bbek k\u00f6z\u00f6tt a new yorki MoMA \u00e9s a londoni V&A \u2013 gy\u0171jtem\u00e9ny\u00e9ben szerepel a posztmodern formatervez\u00e9s klasszikusak\u00e9nt.<\/span>\n\n<span style=\"font-weight: 400\">Anyaga: 18\/10 rozsdamentes ac\u00e9l, m\u0171anyag, alja m\u00e1gneses ac\u00e9l, indukci\u00f3s f\u0151z\u00e9shez alkalmas<\/span>\n<span style=\"font-weight: 400\">Kapacit\u00e1s: 200 cl<\/span>\n\n<img class=\"alignnone wp-image-4036\" src=\"https:\/\/palmettadesign.hu\/wp-content\/uploads\/2020\/11\/alessi_c-300x157.png\" alt=\"\" width=\"80\" height=\"42\">","_et_gb_content_width":""},"product_brand":[],"product_cat":[201,207,764,774,780,784,203,842],"product_tag":[904],"class_list":{"0":"post-41141","1":"product","2":"type-product","3":"status-publish","4":"has-post-thumbnail","6":"product_cat-brands","7":"product_cat-alessi-en","8":"product_cat-tableware","9":"product_cat-table-accessories","10":"product_cat-kitchen","11":"product_cat-kitchen-tools","12":"product_cat-designers","13":"product_cat-ettore-sottsass-en","14":"product_tag-design-classics","16":"first","17":"outofstock","18":"shipping-taxable","19":"purchasable","20":"product-type-simple"},"_links":{"self":[{"href":"https:\/\/palmettadesign.hu\/en\/wp-json\/wp\/v2\/product\/41141","targetHints":{"allow":["GET"]}}],"collection":[{"href":"https:\/\/palmettadesign.hu\/en\/wp-json\/wp\/v2\/product"}],"about":[{"href":"https:\/\/palmettadesign.hu\/en\/wp-json\/wp\/v2\/types\/product"}],"replies":[{"embeddable":true,"href":"https:\/\/palmettadesign.hu\/en\/wp-json\/wp\/v2\/comments?post=41141"}],"wp:featuredmedia":[{"embeddable":true,"href":"https:\/\/palmettadesign.hu\/en\/wp-json\/wp\/v2\/media\/40550"}],"wp:attachment":[{"href":"https:\/\/palmettadesign.hu\/en\/wp-json\/wp\/v2\/media?parent=41141"}],"wp:term":[{"taxonomy":"product_brand","embeddable":true,"href":"https:\/\/palmettadesign.hu\/en\/wp-json\/wp\/v2\/product_brand?post=41141"},{"taxonomy":"product_cat","embeddable":true,"href":"https:\/\/palmettadesign.hu\/en\/wp-json\/wp\/v2\/product_cat?post=41141"},{"taxonomy":"product_tag","embeddable":true,"href":"https:\/\/palmettadesign.hu\/en\/wp-json\/wp\/v2\/product_tag?post=41141"}],"curies":[{"name":"wp","href":"https:\/\/api.w.org\/{rel}","templated":true}]}}