{"id":49247,"date":"2024-12-10T16:54:00","date_gmt":"2024-12-10T16:54:02","guid":{"rendered":"https:\/\/palmettadesign.hu\/?post_type=product&#038;p=49247"},"modified":"2025-01-07T11:09:00","modified_gmt":"2025-01-07T11:09:00","slug":"proust-set-of-3-christmas-baubles-masolat","status":"publish","type":"product","link":"https:\/\/palmettadesign.hu\/en\/product\/proust-set-of-3-christmas-baubles-masolat\/","title":{"rendered":"ES20 Di\u00f3t\u00f6r\u0151 b\u00fckkf\u00e1b\u00f3l, s\u00e1rga"},"content":{"rendered":"<p>Design: <a href=\"https:\/\/palmettadesign.hu\/project\/ettore-sottsass\/\">Ettore Sottsass<\/a><\/p>\n<p>&nbsp;<\/p>\n<p>Play on contrasting colours and volumes culminates in the nutcracker by Ettore Sottsass. A project where the juxtaposition of different geometric shapes and colours tells a timeless story of lightness and profound elegance. Ideal for all kinds of nut, for discovering the incredible functionality of an expressive design and its highly functional details. <\/p>\n<p>&nbsp;<\/p>\n<p>Material: beech wood<br \/>\nDimensions: 11 x 6 cm<\/p>\n<p>&nbsp;<\/p>\n<p><a href=\"https:\/\/palmettadesign.hu\/en\/project\/alessi-2\/\"><img loading=\"lazy\" decoding=\"async\" class=\"alignnone wp-image-40369\" src=\"https:\/\/palmettadesign.hu\/wp-content\/uploads\/2021\/01\/alessi_c2-300x300.png\" alt=\"\" width=\"80\" height=\"80\"><\/a><\/p>\n","protected":false},"excerpt":{"rendered":"<p>Design: Ettore Sottsass &nbsp; Play on contrasting colours and volumes culminates in the nutcracker by Ettore Sottsass. A project where the juxtaposition of different geometric shapes and colours tells a timeless story of lightness and profound elegance. Ideal for all kinds of nut, for discovering the incredible functionality of an expressive design and its highly [&hellip;]<\/p>\n","protected":false},"featured_media":49257,"comment_status":"open","ping_status":"closed","template":"","meta":{"_et_pb_use_builder":"","_et_pb_old_content":"","_et_gb_content_width":""},"product_brand":[],"product_cat":[207,762,780,784,848,1274,842],"product_tag":[986],"class_list":{"0":"post-49247","1":"product","2":"type-product","3":"status-publish","4":"has-post-thumbnail","6":"product_cat-alessi-en","7":"product_cat-novelties","8":"product_cat-kitchen","9":"product_cat-kitchen-tools","10":"product_cat-for-him","11":"product_cat-christmas-en","12":"product_cat-ettore-sottsass-en","13":"product_tag-yellow","15":"first","16":"instock","17":"shipping-taxable","18":"purchasable","19":"product-type-simple"},"_links":{"self":[{"href":"https:\/\/palmettadesign.hu\/en\/wp-json\/wp\/v2\/product\/49247","targetHints":{"allow":["GET"]}}],"collection":[{"href":"https:\/\/palmettadesign.hu\/en\/wp-json\/wp\/v2\/product"}],"about":[{"href":"https:\/\/palmettadesign.hu\/en\/wp-json\/wp\/v2\/types\/product"}],"replies":[{"embeddable":true,"href":"https:\/\/palmettadesign.hu\/en\/wp-json\/wp\/v2\/comments?post=49247"}],"wp:featuredmedia":[{"embeddable":true,"href":"https:\/\/palmettadesign.hu\/en\/wp-json\/wp\/v2\/media\/49257"}],"wp:attachment":[{"href":"https:\/\/palmettadesign.hu\/en\/wp-json\/wp\/v2\/media?parent=49247"}],"wp:term":[{"taxonomy":"product_brand","embeddable":true,"href":"https:\/\/palmettadesign.hu\/en\/wp-json\/wp\/v2\/product_brand?post=49247"},{"taxonomy":"product_cat","embeddable":true,"href":"https:\/\/palmettadesign.hu\/en\/wp-json\/wp\/v2\/product_cat?post=49247"},{"taxonomy":"product_tag","embeddable":true,"href":"https:\/\/palmettadesign.hu\/en\/wp-json\/wp\/v2\/product_tag?post=49247"}],"curies":[{"name":"wp","href":"https:\/\/api.w.org\/{rel}","templated":true}]}}