{"id":49913,"date":"2025-05-07T15:31:22","date_gmt":"2025-05-07T15:31:23","guid":{"rendered":"https:\/\/palmettadesign.hu\/?post_type=product&#038;p=49913"},"modified":"2025-05-08T15:45:44","modified_gmt":"2025-05-08T15:45:44","slug":"side-console-barbara-coral-masolat","status":"publish","type":"product","link":"https:\/\/palmettadesign.hu\/en\/product\/side-console-barbara-coral-masolat\/","title":{"rendered":"Stool &#8216;Max&#8217; blue"},"content":{"rendered":"<p>&nbsp;<\/p>\n<p>k\u00e9nyelmes kissz\u00e9k, amely ide\u00e1lisan haszn\u00e1lhat\u00f3 k\u00fcl\u00f6nb\u00f6z\u0151 helyis\u00e9gekben, legyen az konyha, nappali vagy el\u0151szoba. Ak\u00e1r kieg\u00e9sz\u00edt\u0151 sz\u00e9kk\u00e9nt, dekor\u00e1ci\u00f3s elemk\u00e9nt vagy asztalkak\u00e9nt. T\u00f6bb sz\u00e9k egym\u00e1sra is rakhat\u00f3.  <\/p>\n<p>Product details:<br \/>\n\u200b\u200b\u200b\u200b\u200b\u200b\u200bMaterial: plywood, veneered<br \/>Dimensions: H 45 cm, \u00d8 40 cm<br \/>Note: Do not use as a climbing aid<\/p>\n<p>&nbsp;<\/p>\n<p><a href=\"https:\/\/palmettadesign.hu\/en\/project\/remember-2\/\"><img loading=\"lazy\" decoding=\"async\" class=\"alignnone wp-image-4341\" src=\"https:\/\/palmettadesign.hu\/wp-content\/uploads\/2020\/11\/Remember_Logo_cut-300x44.jpg\" alt=\"\" width=\"160\" height=\"23\"><\/a><\/p>\n","protected":false},"excerpt":{"rendered":"<p>&nbsp; k\u00e9nyelmes kissz\u00e9k, amely ide\u00e1lisan haszn\u00e1lhat\u00f3 k\u00fcl\u00f6nb\u00f6z\u0151 helyis\u00e9gekben, legyen az konyha, nappali vagy el\u0151szoba. Ak\u00e1r kieg\u00e9sz\u00edt\u0151 sz\u00e9kk\u00e9nt, dekor\u00e1ci\u00f3s elemk\u00e9nt vagy asztalkak\u00e9nt. T\u00f6bb sz\u00e9k egym\u00e1sra is rakhat\u00f3. Product details: \u200b\u200b\u200b\u200b\u200b\u200b\u200bMaterial: plywood, veneeredDimensions: H 45 cm, \u00d8 40 cmNote: Do not use as a climbing aid &nbsp;<\/p>\n","protected":false},"featured_media":49895,"comment_status":"open","ping_status":"closed","template":"","meta":{"_et_pb_use_builder":"","_et_pb_old_content":"","_et_gb_content_width":""},"product_brand":[],"product_cat":[201,205,762,193,790],"product_tag":[1366],"class_list":{"0":"post-49913","1":"product","2":"type-product","3":"status-publish","4":"has-post-thumbnail","6":"product_cat-brands","7":"product_cat-remember","8":"product_cat-novelties","9":"product_cat-home-decor","10":"product_cat-furniture","11":"product_tag-blue","13":"first","14":"instock","15":"shipping-taxable","16":"purchasable","17":"product-type-simple"},"_links":{"self":[{"href":"https:\/\/palmettadesign.hu\/en\/wp-json\/wp\/v2\/product\/49913","targetHints":{"allow":["GET"]}}],"collection":[{"href":"https:\/\/palmettadesign.hu\/en\/wp-json\/wp\/v2\/product"}],"about":[{"href":"https:\/\/palmettadesign.hu\/en\/wp-json\/wp\/v2\/types\/product"}],"replies":[{"embeddable":true,"href":"https:\/\/palmettadesign.hu\/en\/wp-json\/wp\/v2\/comments?post=49913"}],"wp:featuredmedia":[{"embeddable":true,"href":"https:\/\/palmettadesign.hu\/en\/wp-json\/wp\/v2\/media\/49895"}],"wp:attachment":[{"href":"https:\/\/palmettadesign.hu\/en\/wp-json\/wp\/v2\/media?parent=49913"}],"wp:term":[{"taxonomy":"product_brand","embeddable":true,"href":"https:\/\/palmettadesign.hu\/en\/wp-json\/wp\/v2\/product_brand?post=49913"},{"taxonomy":"product_cat","embeddable":true,"href":"https:\/\/palmettadesign.hu\/en\/wp-json\/wp\/v2\/product_cat?post=49913"},{"taxonomy":"product_tag","embeddable":true,"href":"https:\/\/palmettadesign.hu\/en\/wp-json\/wp\/v2\/product_tag?post=49913"}],"curies":[{"name":"wp","href":"https:\/\/api.w.org\/{rel}","templated":true}]}}