{"id":50151,"date":"2025-09-23T16:33:10","date_gmt":"2025-09-23T16:33:11","guid":{"rendered":"https:\/\/palmettadesign.hu\/?post_type=product&#038;p=50151"},"modified":"2025-11-09T15:32:31","modified_gmt":"2025-11-09T15:32:31","slug":"set-of-tin-boxes-zaza-set-of-3-masolat","status":"publish","type":"product","link":"https:\/\/palmettadesign.hu\/en\/product\/set-of-tin-boxes-zaza-set-of-3-masolat\/","title":{"rendered":"Tin can set &#8216;Klara&#8217;, set of 3"},"content":{"rendered":"<p>Three sizes &#8211; one set.<\/p>\n<p>&nbsp;<\/p>\n<p>Tidiness can be so beautiful: chocolates, biscuits, letters, office supplies &#8211; there&#8217;s room for everything in the three colourful patterned tins. The set looks particularly decorative when stacked on top of each other &#8211; the tins also fit inside each other for space-saving storage. <\/p>\n<p>Food-safe, not dishwasher-safe<br \/>Material: Tinplate<br \/>Dimensions: S: H 7.3 cm, \u00d8 14 cm, M: H 8.1 cm, \u00d8 17 cm, L: H 9.0 cm, \u00d8 19.8 cm<\/p>\n<p>&nbsp;<\/p>\n<p><a href=\"https:\/\/palmettadesign.hu\/en\/project\/remember-2\/\"><img loading=\"lazy\" decoding=\"async\" class=\"alignnone wp-image-4341\" src=\"https:\/\/palmettadesign.hu\/wp-content\/uploads\/2020\/11\/Remember_Logo_cut-300x44.jpg\" alt=\"\" width=\"150\" height=\"22\"><\/a><\/p>\n","protected":false},"excerpt":{"rendered":"<p>Three sizes &#8211; one set. &nbsp; Tidiness can be so beautiful: chocolates, biscuits, letters, office supplies &#8211; there&#8217;s room for everything in the three colourful patterned tins. The set looks particularly decorative when stacked on top of each other &#8211; the tins also fit inside each other for space-saving storage. Food-safe, not dishwasher-safeMaterial: TinplateDimensions: S: [&hellip;]<\/p>\n","protected":false},"featured_media":50155,"comment_status":"open","ping_status":"closed","template":"","meta":{"_et_pb_use_builder":"","_et_pb_old_content":"","_et_gb_content_width":""},"product_brand":[],"product_cat":[201,205,762,780,786,193,846,1274],"product_tag":[1301],"class_list":{"0":"post-50151","1":"product","2":"type-product","3":"status-publish","4":"has-post-thumbnail","6":"product_cat-brands","7":"product_cat-remember","8":"product_cat-novelties","9":"product_cat-kitchen","10":"product_cat-food-storage","11":"product_cat-home-decor","12":"product_cat-for-her","13":"product_cat-christmas-en","14":"product_tag-tarolas-en","16":"first","17":"instock","18":"shipping-taxable","19":"purchasable","20":"product-type-simple"},"_links":{"self":[{"href":"https:\/\/palmettadesign.hu\/en\/wp-json\/wp\/v2\/product\/50151","targetHints":{"allow":["GET"]}}],"collection":[{"href":"https:\/\/palmettadesign.hu\/en\/wp-json\/wp\/v2\/product"}],"about":[{"href":"https:\/\/palmettadesign.hu\/en\/wp-json\/wp\/v2\/types\/product"}],"replies":[{"embeddable":true,"href":"https:\/\/palmettadesign.hu\/en\/wp-json\/wp\/v2\/comments?post=50151"}],"wp:featuredmedia":[{"embeddable":true,"href":"https:\/\/palmettadesign.hu\/en\/wp-json\/wp\/v2\/media\/50155"}],"wp:attachment":[{"href":"https:\/\/palmettadesign.hu\/en\/wp-json\/wp\/v2\/media?parent=50151"}],"wp:term":[{"taxonomy":"product_brand","embeddable":true,"href":"https:\/\/palmettadesign.hu\/en\/wp-json\/wp\/v2\/product_brand?post=50151"},{"taxonomy":"product_cat","embeddable":true,"href":"https:\/\/palmettadesign.hu\/en\/wp-json\/wp\/v2\/product_cat?post=50151"},{"taxonomy":"product_tag","embeddable":true,"href":"https:\/\/palmettadesign.hu\/en\/wp-json\/wp\/v2\/product_tag?post=50151"}],"curies":[{"name":"wp","href":"https:\/\/api.w.org\/{rel}","templated":true}]}}