{"id":51048,"date":"2025-11-21T21:59:59","date_gmt":"2025-11-21T22:00:01","guid":{"rendered":"https:\/\/palmettadesign.hu\/?post_type=product&#038;p=51048"},"modified":"2025-11-21T22:07:14","modified_gmt":"2025-11-21T22:07:14","slug":"potholders-no-3-set-of-2-masolat","status":"publish","type":"product","link":"https:\/\/palmettadesign.hu\/en\/product\/potholders-no-3-set-of-2-masolat\/","title":{"rendered":"Pot holder no. 6, set of 2"},"content":{"rendered":"<p>&nbsp;<\/p>\n<p>Caution, hot!<br \/>\nKiv\u00e1l\u00f3 min\u0151s\u00e9g\u0171 ed\u00e9nyfog\u00f3-p\u00e1r a REMEMBER\u00ae vid\u00e1m sz\u00edneiben.<br \/>\nA k\u00e9szletben k\u00e9t k\u00fcl\u00f6nb\u00f6z\u0151, de egym\u00e1sra hangolt minta tal\u00e1lhat\u00f3.  <\/p>\n<p>Material: 100% cotton, washable up to 40\u00b0C<br \/>\nDimensions: 18.5 x 18.5 cm<\/p>\n<p>&nbsp;<\/p>\n<p><a href=\"https:\/\/palmettadesign.hu\/en\/project\/remember-2\/\"><img loading=\"lazy\" decoding=\"async\" class=\"alignnone wp-image-4341\" src=\"https:\/\/palmettadesign.hu\/wp-content\/uploads\/2020\/11\/Remember_Logo_cut-300x44.jpg\" alt=\"\" width=\"150\" height=\"22\"><\/a><\/p>\n","protected":false},"excerpt":{"rendered":"<p>&nbsp; Caution, hot! Kiv\u00e1l\u00f3 min\u0151s\u00e9g\u0171 ed\u00e9nyfog\u00f3-p\u00e1r a REMEMBER\u00ae vid\u00e1m sz\u00edneiben. A k\u00e9szletben k\u00e9t k\u00fcl\u00f6nb\u00f6z\u0151, de egym\u00e1sra hangolt minta tal\u00e1lhat\u00f3. Material: 100% cotton, washable up to 40\u00b0C Dimensions: 18.5 x 18.5 cm &nbsp;<\/p>\n","protected":false},"featured_media":50957,"comment_status":"open","ping_status":"closed","template":"","meta":{"_et_pb_use_builder":"","_et_pb_old_content":"","_et_gb_content_width":""},"product_brand":[],"product_cat":[201,205,780,788],"product_tag":[1298],"class_list":{"0":"post-51048","1":"product","2":"type-product","3":"status-publish","4":"has-post-thumbnail","6":"product_cat-brands","7":"product_cat-remember","8":"product_cat-kitchen","9":"product_cat-kitchen-textiles","10":"product_tag-striped-en-2","12":"first","13":"instock","14":"shipping-taxable","15":"purchasable","16":"product-type-simple"},"_links":{"self":[{"href":"https:\/\/palmettadesign.hu\/en\/wp-json\/wp\/v2\/product\/51048","targetHints":{"allow":["GET"]}}],"collection":[{"href":"https:\/\/palmettadesign.hu\/en\/wp-json\/wp\/v2\/product"}],"about":[{"href":"https:\/\/palmettadesign.hu\/en\/wp-json\/wp\/v2\/types\/product"}],"replies":[{"embeddable":true,"href":"https:\/\/palmettadesign.hu\/en\/wp-json\/wp\/v2\/comments?post=51048"}],"wp:featuredmedia":[{"embeddable":true,"href":"https:\/\/palmettadesign.hu\/en\/wp-json\/wp\/v2\/media\/50957"}],"wp:attachment":[{"href":"https:\/\/palmettadesign.hu\/en\/wp-json\/wp\/v2\/media?parent=51048"}],"wp:term":[{"taxonomy":"product_brand","embeddable":true,"href":"https:\/\/palmettadesign.hu\/en\/wp-json\/wp\/v2\/product_brand?post=51048"},{"taxonomy":"product_cat","embeddable":true,"href":"https:\/\/palmettadesign.hu\/en\/wp-json\/wp\/v2\/product_cat?post=51048"},{"taxonomy":"product_tag","embeddable":true,"href":"https:\/\/palmettadesign.hu\/en\/wp-json\/wp\/v2\/product_tag?post=51048"}],"curies":[{"name":"wp","href":"https:\/\/api.w.org\/{rel}","templated":true}]}}